{"id":42,"date":"2026-01-14T23:26:54","date_gmt":"2026-01-14T23:26:54","guid":{"rendered":"https:\/\/deepwire.com.br\/sobre\/"},"modified":"2026-01-18T13:29:59","modified_gmt":"2026-01-18T13:29:59","slug":"sobre","status":"publish","type":"page","link":"https:\/\/deepwire.com.br\/en\/sobre\/","title":{"rendered":"Sobre"},"content":{"rendered":"<div class=\"wp-block-group alignfull is-style-ext-preset--group--natural-1--section has-background-background-color has-background has-global-padding is-layout-constrained wp-block-group-is-layout-constrained is-style-ext-preset--group--natural-1--section--1\" id=\"sobre\" style=\"margin-top:0;margin-bottom:0;padding-top:var(--wp--preset--spacing--70);padding-bottom:var(--wp--preset--spacing--70)\">\n<div class=\"wp-block-group alignwide is-vertical is-content-justification-center is-layout-flex wp-container-core-group-is-layout-c9ee0c5a wp-block-group-is-layout-flex\">\n<div class=\"wp-block-group has-global-padding is-layout-constrained wp-container-core-group-is-layout-2287c683 wp-block-group-is-layout-constrained\">\n<h2 class=\"wp-block-heading has-text-align-center\">Inova\u00e7\u00e3o e Excel\u00eancia em Engenharia Eletr\u00f4nica<\/h2>\n\n\n\n<p class=\"has-text-align-center\">Na <strong>Deepwire<\/strong>, nossa hist\u00f3ria \u00e9 constru\u00edda sobre a resolu\u00e7\u00e3o de problemas complexos. Nascemos da uni\u00e3o de engenheiros apaixonados por tecnologia e desafiados pela necessidade de solu\u00e7\u00f5es eletr\u00f4nicas de alta confiabilidade.<\/p>\n\n\n\n<p class=\"has-text-align-center\">Nossa miss\u00e3o vai al\u00e9m de entregar projetos; buscamos redefinir os limites do que \u00e9 poss\u00edvel na engenharia eletr\u00f4nica. Acreditamos que a inova\u00e7\u00e3o s\u00f3 \u00e9 valiosa quando acompanhada de seguran\u00e7a e efici\u00eancia. Por isso, nossos valores fundamentais \u2014 <strong>Integridade T\u00e9cnica, Inova\u00e7\u00e3o Robusta e Compromisso com a Qualidade<\/strong> \u2014 s\u00e3o o alicerce de cada circuito que desenhamos e de cada linha de c\u00f3digo que escrevemos.<\/p>\n\n\n\n<p class=\"has-text-align-center\">Somos movidos pelo desafio de criar sistemas que n\u00e3o apenas funcionam, mas que superam expectativas em ambientes cr\u00edticos.<\/p>\n<\/div>\n<\/div>\n<\/div>\n\n\n\n<div class=\"wp-block-group alignfull is-style-ext-preset--group--natural-1--section has-tertiary-background-color has-background has-global-padding is-layout-constrained wp-container-core-group-is-layout-e955bbaf wp-block-group-is-layout-constrained is-style-ext-preset--group--natural-1--section--2\" id=\"equipe\" style=\"margin-top:0;margin-bottom:0;padding-top:var(--wp--preset--spacing--70);padding-bottom:var(--wp--preset--spacing--70)\">\n<div class=\"wp-block-group alignwide is-vertical is-layout-flex wp-container-core-group-is-layout-c35747d5 wp-block-group-is-layout-flex\">\n<div class=\"wp-block-group has-global-padding is-layout-constrained wp-container-core-group-is-layout-2287c683 wp-block-group-is-layout-constrained\">\n<h2 class=\"wp-block-heading\">Transformando Ideias em Solu\u00e7\u00f5es Tecnol\u00f3gicas<\/h2>\n\n\n\n<p>Conhe\u00e7a os especialistas dedicados que impulsionam a inova\u00e7\u00e3o na Deepwire.<\/p>\n<\/div>\n<\/div>\n\n\n\n<div class=\"wp-block-columns alignwide is-layout-flex wp-container-core-columns-is-layout-08c01c1c wp-block-columns-is-layout-flex\">\n<div class=\"wp-block-column is-vertically-aligned-stretch is-layout-flow wp-block-column-is-layout-flow\">\n<div class=\"wp-block-group is-style-ext-preset--group--natural-1--item-card-1--align-start has-global-padding is-layout-constrained wp-block-group-is-layout-constrained is-style-ext-preset--group--natural-1--item-card-1--align-start--3\">\n<figure class=\"wp-block-image\"><img loading=\"lazy\" decoding=\"async\" width=\"1080\" height=\"1618\" src=\"https:\/\/deepwire.com.br\/wp-content\/uploads\/2026\/01\/image-1.jpg\" alt=\"\" class=\"wp-image-126\" style=\"aspect-ratio:1;object-fit:cover\" srcset=\"https:\/\/deepwire.com.br\/wp-content\/uploads\/2026\/01\/image-1.jpg 1080w, https:\/\/deepwire.com.br\/wp-content\/uploads\/2026\/01\/image-1-200x300.jpg 200w, https:\/\/deepwire.com.br\/wp-content\/uploads\/2026\/01\/image-1-684x1024.jpg 684w, https:\/\/deepwire.com.br\/wp-content\/uploads\/2026\/01\/image-1-768x1151.jpg 768w, https:\/\/deepwire.com.br\/wp-content\/uploads\/2026\/01\/image-1-1025x1536.jpg 1025w, https:\/\/deepwire.com.br\/wp-content\/uploads\/2026\/01\/image-1-8x12.jpg 8w\" sizes=\"auto, (max-width: 1080px) 100vw, 1080px\" \/><\/figure>\n\n\n\n<div class=\"wp-block-group is-style-default has-global-padding is-layout-constrained wp-block-group-is-layout-constrained\">\n<h3 class=\"wp-block-heading\" style=\"font-size:clamp(14px, 0.875rem + ((1vw - 3.2px) * 0.625), 20px);\">Ana Clara Mendes<\/h3>\n\n\n\n<p style=\"margin-top:0;margin-bottom:0;font-size:clamp(14px, 0.875rem + ((1vw - 3.2px) * 0.417), 18px);\">Engenheira Eletr\u00f4nica<\/p>\n\n\n\n<p>Com ampla experi\u00eancia em desenvolvimento de hardware, lidera projetos de alta complexidade.<\/p>\n\n\n<\/div>\n<\/div>\n<\/div>\n\n\n\n<div class=\"wp-block-column is-vertically-aligned-stretch is-layout-flow wp-block-column-is-layout-flow\">\n<div class=\"wp-block-group is-style-ext-preset--group--natural-1--item-card-1--align-start has-global-padding is-layout-constrained wp-block-group-is-layout-constrained is-style-ext-preset--group--natural-1--item-card-1--align-start--4\">\n<figure class=\"wp-block-image\"><img loading=\"lazy\" decoding=\"async\" width=\"1080\" height=\"720\" src=\"https:\/\/deepwire.com.br\/wp-content\/uploads\/2026\/01\/image.jpg\" alt=\"\" class=\"wp-image-125\" style=\"aspect-ratio:1;object-fit:cover\" srcset=\"https:\/\/deepwire.com.br\/wp-content\/uploads\/2026\/01\/image.jpg 1080w, https:\/\/deepwire.com.br\/wp-content\/uploads\/2026\/01\/image-300x200.jpg 300w, https:\/\/deepwire.com.br\/wp-content\/uploads\/2026\/01\/image-1024x683.jpg 1024w, https:\/\/deepwire.com.br\/wp-content\/uploads\/2026\/01\/image-768x512.jpg 768w, https:\/\/deepwire.com.br\/wp-content\/uploads\/2026\/01\/image-18x12.jpg 18w\" sizes=\"auto, (max-width: 1080px) 100vw, 1080px\" \/><\/figure>\n\n\n\n<div class=\"wp-block-group is-style-default has-global-padding is-layout-constrained wp-block-group-is-layout-constrained\">\n<h3 class=\"wp-block-heading\" style=\"font-size:clamp(14px, 0.875rem + ((1vw - 3.2px) * 0.625), 20px);\">Lucas Ferreira<\/h3>\n\n\n\n<p style=\"margin-top:0;margin-bottom:0;font-size:clamp(14px, 0.875rem + ((1vw - 3.2px) * 0.417), 18px);\">Desenvolvedor de Sistemas Embarcados<\/p>\n\n\n\n<p>Especialista em software embarcado, combina criatividade e precis\u00e3o t\u00e9cnica.<\/p>\n\n\n<\/div>\n<\/div>\n<\/div>\n\n\n\n<div class=\"wp-block-column is-vertically-aligned-stretch is-layout-flow wp-block-column-is-layout-flow\">\n<div class=\"wp-block-group is-style-ext-preset--group--natural-1--item-card-1--align-start has-global-padding is-layout-constrained wp-block-group-is-layout-constrained is-style-ext-preset--group--natural-1--item-card-1--align-start--5\">\n<figure class=\"wp-block-image\"><img loading=\"lazy\" decoding=\"async\" width=\"1080\" height=\"1620\" src=\"https:\/\/deepwire.com.br\/wp-content\/uploads\/2026\/01\/image-2.jpg\" alt=\"\" class=\"wp-image-127\" style=\"aspect-ratio:1;object-fit:cover\" srcset=\"https:\/\/deepwire.com.br\/wp-content\/uploads\/2026\/01\/image-2.jpg 1080w, https:\/\/deepwire.com.br\/wp-content\/uploads\/2026\/01\/image-2-200x300.jpg 200w, https:\/\/deepwire.com.br\/wp-content\/uploads\/2026\/01\/image-2-683x1024.jpg 683w, https:\/\/deepwire.com.br\/wp-content\/uploads\/2026\/01\/image-2-768x1152.jpg 768w, https:\/\/deepwire.com.br\/wp-content\/uploads\/2026\/01\/image-2-1024x1536.jpg 1024w, https:\/\/deepwire.com.br\/wp-content\/uploads\/2026\/01\/image-2-8x12.jpg 8w\" sizes=\"auto, (max-width: 1080px) 100vw, 1080px\" \/><\/figure>\n\n\n\n<div class=\"wp-block-group is-style-default has-global-padding is-layout-constrained wp-block-group-is-layout-constrained\">\n<h3 class=\"wp-block-heading\" style=\"font-size:clamp(14px, 0.875rem + ((1vw - 3.2px) * 0.625), 20px);\">Mariana Silva<\/h3>\n\n\n\n<p style=\"margin-top:0;margin-bottom:0;font-size:clamp(14px, 0.875rem + ((1vw - 3.2px) * 0.417), 18px);\">Gerente de Projetos Tecnol\u00f3gicos<\/p>\n\n\n\n<p>Focada em inova\u00e7\u00e3o, coordena equipes para entregar solu\u00e7\u00f5es personalizadas.<\/p>\n\n\n<\/div>\n<\/div>\n<\/div>\n<\/div>\n<\/div>\n\n\n\n<div class=\"wp-block-group alignfull is-style-ext-preset--group--natural-1--section has-background-background-color has-background has-global-padding is-layout-constrained wp-container-core-group-is-layout-e955bbaf wp-block-group-is-layout-constrained is-style-ext-preset--group--natural-1--section--6\" style=\"margin-top:0;margin-bottom:0;padding-top:var(--wp--preset--spacing--70);padding-bottom:var(--wp--preset--spacing--70)\">\n<div class=\"wp-block-group alignwide is-vertical is-content-justification-center is-layout-flex wp-container-core-group-is-layout-c9ee0c5a wp-block-group-is-layout-flex\">\n<div class=\"wp-block-group has-global-padding is-layout-constrained wp-container-core-group-is-layout-5e05634a wp-block-group-is-layout-constrained\">\n<h2 class=\"wp-block-heading has-text-align-center\">Solu\u00e7\u00f5es Integradas em Engenharia Eletr\u00f4nica<\/h2>\n\n\n\n<p class=\"has-text-align-center\">Aqui apresentamos dados relevantes sobre inova\u00e7\u00e3o e resultados t\u00e9cnicos alcan\u00e7ados.<\/p>\n<\/div>\n<\/div>\n\n\n\n<div class=\"wp-block-columns alignwide is-layout-flex wp-container-core-columns-is-layout-08c01c1c wp-block-columns-is-layout-flex\">\n<div class=\"wp-block-column is-vertically-aligned-stretch is-layout-flow wp-container-core-column-is-layout-f5bb311e wp-block-column-is-layout-flow\">\n<div class=\"wp-block-group is-style-ext-preset--group--natural-1--item-card-1--align-center has-global-padding is-layout-constrained wp-block-group-is-layout-constrained is-style-ext-preset--group--natural-1--item-card-1--align-center--7\">\n<div class=\"wp-block-group is-style-default has-global-padding is-layout-constrained wp-block-group-is-layout-constrained\">\n<h3 class=\"wp-block-heading has-primary-color has-text-color has-link-color has-x-large-font-size wp-elements-596f8fbc91b47284f2db6e9c09eb3083\">127<\/h3>\n\n\n\n<h3 class=\"wp-block-heading\">Projetos Desenvolvidos<\/h3>\n\n\n\n<p>N\u00famero total de produtos personalizados entregues a clientes exigentes.<\/p>\n<\/div>\n<\/div>\n<\/div>\n\n\n\n<div class=\"wp-block-column is-vertically-aligned-stretch is-layout-flow wp-container-core-column-is-layout-f5bb311e wp-block-column-is-layout-flow\">\n<div class=\"wp-block-group is-style-ext-preset--group--natural-1--item-card-1--align-center has-global-padding is-layout-constrained wp-block-group-is-layout-constrained is-style-ext-preset--group--natural-1--item-card-1--align-center--8\">\n<div class=\"wp-block-group is-style-default has-global-padding is-layout-constrained wp-block-group-is-layout-constrained\">\n<h3 class=\"wp-block-heading has-primary-color has-text-color has-link-color has-x-large-font-size wp-elements-4706397907611c3f26f0997d8fca3899\">221<\/h3>\n\n\n\n<h3 class=\"wp-block-heading\">Parcerias Ativas<\/h3>\n\n\n\n<p>Colabora\u00e7\u00f5es estrat\u00e9gicas estabelecidas para potencializar inova\u00e7\u00e3o tecnol\u00f3gica.<\/p>\n<\/div>\n<\/div>\n<\/div>\n\n\n\n<div class=\"wp-block-column is-vertically-aligned-stretch is-layout-flow wp-container-core-column-is-layout-f5bb311e wp-block-column-is-layout-flow\">\n<div class=\"wp-block-group is-style-ext-preset--group--natural-1--item-card-1--align-center has-global-padding is-layout-constrained wp-block-group-is-layout-constrained is-style-ext-preset--group--natural-1--item-card-1--align-center--9\">\n<div class=\"wp-block-group is-style-default has-global-padding is-layout-constrained wp-block-group-is-layout-constrained\">\n<h3 class=\"wp-block-heading has-primary-color has-text-color has-link-color has-x-large-font-size wp-elements-7f0294d5969c29e89534ebae748f3eca\">70k<\/h3>\n\n\n\n<h3 class=\"wp-block-heading\">Horas de Desenvolvimento<\/h3>\n\n\n\n<p>Tempo investido em pesquisa e cria\u00e7\u00e3o de solu\u00e7\u00f5es avan\u00e7adas.<\/p>\n<\/div>\n<\/div>\n<\/div>\n<\/div>\n<\/div>","protected":false},"excerpt":{"rendered":"<p>Inova\u00e7\u00e3o e Excel\u00eancia em Engenharia Eletr\u00f4nica Na Deepwire, nossa hist\u00f3ria \u00e9 constru\u00edda sobre a resolu\u00e7\u00e3o de problemas complexos. Nascemos da uni\u00e3o de engenheiros apaixonados por tecnologia e desafiados pela necessidade de solu\u00e7\u00f5es eletr\u00f4nicas de alta confiabilidade. Nossa miss\u00e3o vai al\u00e9m de entregar projetos; buscamos redefinir os limites do que \u00e9 poss\u00edvel na engenharia eletr\u00f4nica. Acreditamos [&hellip;]<\/p>","protected":false},"author":1,"featured_media":0,"parent":0,"menu_order":0,"comment_status":"closed","ping_status":"closed","template":"page-with-title","meta":{"_monsterinsights_skip_tracking":false,"_monsterinsights_sitenote_active":false,"_monsterinsights_sitenote_note":"","_monsterinsights_sitenote_category":0,"footnotes":""},"class_list":["post-42","page","type-page","status-publish","hentry"],"yoast_head":"<!-- This site is optimized with the Yoast SEO plugin v27.2 - https:\/\/yoast.com\/product\/yoast-seo-wordpress\/ -->\n<title>Sobre - Deepwire<\/title>\n<meta name=\"robots\" content=\"index, follow, max-snippet:-1, max-image-preview:large, max-video-preview:-1\" \/>\n<link rel=\"canonical\" href=\"https:\/\/deepwire.com.br\/en\/sobre\/\" \/>\n<meta property=\"og:locale\" content=\"en_US\" \/>\n<meta property=\"og:type\" content=\"article\" \/>\n<meta property=\"og:title\" content=\"Sobre - Deepwire\" \/>\n<meta property=\"og:description\" content=\"Inova\u00e7\u00e3o e Excel\u00eancia em Engenharia Eletr\u00f4nica Na Deepwire, nossa hist\u00f3ria \u00e9 constru\u00edda sobre a resolu\u00e7\u00e3o de problemas complexos. Nascemos da uni\u00e3o de engenheiros apaixonados por tecnologia e desafiados pela necessidade de solu\u00e7\u00f5es eletr\u00f4nicas de alta confiabilidade. Nossa miss\u00e3o vai al\u00e9m de entregar projetos; buscamos redefinir os limites do que \u00e9 poss\u00edvel na engenharia eletr\u00f4nica. Acreditamos [&hellip;]\" \/>\n<meta property=\"og:url\" content=\"https:\/\/deepwire.com.br\/en\/sobre\/\" \/>\n<meta property=\"og:site_name\" content=\"Deepwire\" \/>\n<meta property=\"article:modified_time\" content=\"2026-01-18T13:29:59+00:00\" \/>\n<meta property=\"og:image\" content=\"https:\/\/deepwire.com.br\/wp-content\/uploads\/2026\/01\/image-1.jpg\" \/>\n\t<meta property=\"og:image:width\" content=\"1080\" \/>\n\t<meta property=\"og:image:height\" content=\"1618\" \/>\n\t<meta property=\"og:image:type\" content=\"image\/jpeg\" \/>\n<meta name=\"twitter:card\" content=\"summary_large_image\" \/>\n<meta name=\"twitter:site\" content=\"@DeepWireBR\" \/>\n<meta name=\"twitter:label1\" content=\"Est. reading time\" \/>\n\t<meta name=\"twitter:data1\" content=\"2 minutes\" \/>\n<script type=\"application\/ld+json\" class=\"yoast-schema-graph\">{\"@context\":\"https:\/\/schema.org\",\"@graph\":[{\"@type\":\"WebPage\",\"@id\":\"https:\/\/deepwire.com.br\/sobre\/\",\"url\":\"https:\/\/deepwire.com.br\/sobre\/\",\"name\":\"Sobre - Deepwire\",\"isPartOf\":{\"@id\":\"https:\/\/deepwire.com.br\/#website\"},\"primaryImageOfPage\":{\"@id\":\"https:\/\/deepwire.com.br\/sobre\/#primaryimage\"},\"image\":{\"@id\":\"https:\/\/deepwire.com.br\/sobre\/#primaryimage\"},\"thumbnailUrl\":\"https:\/\/deepwire.com.br\/wp-content\/uploads\/2026\/01\/image-1.jpg\",\"datePublished\":\"2026-01-14T23:26:54+00:00\",\"dateModified\":\"2026-01-18T13:29:59+00:00\",\"breadcrumb\":{\"@id\":\"https:\/\/deepwire.com.br\/sobre\/#breadcrumb\"},\"inLanguage\":\"en-US\",\"potentialAction\":[{\"@type\":\"ReadAction\",\"target\":[\"https:\/\/deepwire.com.br\/sobre\/\"]}]},{\"@type\":\"ImageObject\",\"inLanguage\":\"en-US\",\"@id\":\"https:\/\/deepwire.com.br\/sobre\/#primaryimage\",\"url\":\"https:\/\/deepwire.com.br\/wp-content\/uploads\/2026\/01\/image-1.jpg\",\"contentUrl\":\"https:\/\/deepwire.com.br\/wp-content\/uploads\/2026\/01\/image-1.jpg\"},{\"@type\":\"BreadcrumbList\",\"@id\":\"https:\/\/deepwire.com.br\/sobre\/#breadcrumb\",\"itemListElement\":[{\"@type\":\"ListItem\",\"position\":1,\"name\":\"In\u00edcio\",\"item\":\"https:\/\/deepwire.com.br\/\"},{\"@type\":\"ListItem\",\"position\":2,\"name\":\"Sobre\"}]},{\"@type\":\"WebSite\",\"@id\":\"https:\/\/deepwire.com.br\/#website\",\"url\":\"https:\/\/deepwire.com.br\/\",\"name\":\"Deepwire\",\"description\":\"My WordPress Blog\",\"publisher\":{\"@id\":\"https:\/\/deepwire.com.br\/#organization\"},\"potentialAction\":[{\"@type\":\"SearchAction\",\"target\":{\"@type\":\"EntryPoint\",\"urlTemplate\":\"https:\/\/deepwire.com.br\/?s={search_term_string}\"},\"query-input\":{\"@type\":\"PropertyValueSpecification\",\"valueRequired\":true,\"valueName\":\"search_term_string\"}}],\"inLanguage\":\"en-US\"},{\"@type\":\"Organization\",\"@id\":\"https:\/\/deepwire.com.br\/#organization\",\"name\":\"Deepwire\",\"url\":\"https:\/\/deepwire.com.br\/\",\"logo\":{\"@type\":\"ImageObject\",\"inLanguage\":\"en-US\",\"@id\":\"https:\/\/deepwire.com.br\/#\/schema\/logo\/image\/\",\"url\":\"https:\/\/deepwire.com.br\/wp-content\/uploads\/2026\/01\/Logo-Gif.gif\",\"contentUrl\":\"https:\/\/deepwire.com.br\/wp-content\/uploads\/2026\/01\/Logo-Gif.gif\",\"width\":500,\"height\":150,\"caption\":\"Deepwire\"},\"image\":{\"@id\":\"https:\/\/deepwire.com.br\/#\/schema\/logo\/image\/\"},\"sameAs\":[\"https:\/\/x.com\/DeepWireBR\",\"https:\/\/www.linkedin.com\/in\/deepwirebr\/\",\"https:\/\/dribbble.com\/deepwirebr\"]}]}<\/script>\n<!-- \/ Yoast SEO plugin. -->","yoast_head_json":{"title":"Sobre - Deepwire","robots":{"index":"index","follow":"follow","max-snippet":"max-snippet:-1","max-image-preview":"max-image-preview:large","max-video-preview":"max-video-preview:-1"},"canonical":"https:\/\/deepwire.com.br\/en\/sobre\/","og_locale":"en_US","og_type":"article","og_title":"Sobre - Deepwire","og_description":"Inova\u00e7\u00e3o e Excel\u00eancia em Engenharia Eletr\u00f4nica Na Deepwire, nossa hist\u00f3ria \u00e9 constru\u00edda sobre a resolu\u00e7\u00e3o de problemas complexos. Nascemos da uni\u00e3o de engenheiros apaixonados por tecnologia e desafiados pela necessidade de solu\u00e7\u00f5es eletr\u00f4nicas de alta confiabilidade. Nossa miss\u00e3o vai al\u00e9m de entregar projetos; buscamos redefinir os limites do que \u00e9 poss\u00edvel na engenharia eletr\u00f4nica. Acreditamos [&hellip;]","og_url":"https:\/\/deepwire.com.br\/en\/sobre\/","og_site_name":"Deepwire","article_modified_time":"2026-01-18T13:29:59+00:00","og_image":[{"width":1080,"height":1618,"url":"https:\/\/deepwire.com.br\/wp-content\/uploads\/2026\/01\/image-1.jpg","type":"image\/jpeg"}],"twitter_card":"summary_large_image","twitter_site":"@DeepWireBR","twitter_misc":{"Est. reading time":"2 minutes"},"schema":{"@context":"https:\/\/schema.org","@graph":[{"@type":"WebPage","@id":"https:\/\/deepwire.com.br\/sobre\/","url":"https:\/\/deepwire.com.br\/sobre\/","name":"Sobre - Deepwire","isPartOf":{"@id":"https:\/\/deepwire.com.br\/#website"},"primaryImageOfPage":{"@id":"https:\/\/deepwire.com.br\/sobre\/#primaryimage"},"image":{"@id":"https:\/\/deepwire.com.br\/sobre\/#primaryimage"},"thumbnailUrl":"https:\/\/deepwire.com.br\/wp-content\/uploads\/2026\/01\/image-1.jpg","datePublished":"2026-01-14T23:26:54+00:00","dateModified":"2026-01-18T13:29:59+00:00","breadcrumb":{"@id":"https:\/\/deepwire.com.br\/sobre\/#breadcrumb"},"inLanguage":"en-US","potentialAction":[{"@type":"ReadAction","target":["https:\/\/deepwire.com.br\/sobre\/"]}]},{"@type":"ImageObject","inLanguage":"en-US","@id":"https:\/\/deepwire.com.br\/sobre\/#primaryimage","url":"https:\/\/deepwire.com.br\/wp-content\/uploads\/2026\/01\/image-1.jpg","contentUrl":"https:\/\/deepwire.com.br\/wp-content\/uploads\/2026\/01\/image-1.jpg"},{"@type":"BreadcrumbList","@id":"https:\/\/deepwire.com.br\/sobre\/#breadcrumb","itemListElement":[{"@type":"ListItem","position":1,"name":"In\u00edcio","item":"https:\/\/deepwire.com.br\/"},{"@type":"ListItem","position":2,"name":"Sobre"}]},{"@type":"WebSite","@id":"https:\/\/deepwire.com.br\/#website","url":"https:\/\/deepwire.com.br\/","name":"Deepwire","description":"My WordPress Blog","publisher":{"@id":"https:\/\/deepwire.com.br\/#organization"},"potentialAction":[{"@type":"SearchAction","target":{"@type":"EntryPoint","urlTemplate":"https:\/\/deepwire.com.br\/?s={search_term_string}"},"query-input":{"@type":"PropertyValueSpecification","valueRequired":true,"valueName":"search_term_string"}}],"inLanguage":"en-US"},{"@type":"Organization","@id":"https:\/\/deepwire.com.br\/#organization","name":"Deepwire","url":"https:\/\/deepwire.com.br\/","logo":{"@type":"ImageObject","inLanguage":"en-US","@id":"https:\/\/deepwire.com.br\/#\/schema\/logo\/image\/","url":"https:\/\/deepwire.com.br\/wp-content\/uploads\/2026\/01\/Logo-Gif.gif","contentUrl":"https:\/\/deepwire.com.br\/wp-content\/uploads\/2026\/01\/Logo-Gif.gif","width":500,"height":150,"caption":"Deepwire"},"image":{"@id":"https:\/\/deepwire.com.br\/#\/schema\/logo\/image\/"},"sameAs":["https:\/\/x.com\/DeepWireBR","https:\/\/www.linkedin.com\/in\/deepwirebr\/","https:\/\/dribbble.com\/deepwirebr"]}]}},"_links":{"self":[{"href":"https:\/\/deepwire.com.br\/en\/wp-json\/wp\/v2\/pages\/42","targetHints":{"allow":["GET"]}}],"collection":[{"href":"https:\/\/deepwire.com.br\/en\/wp-json\/wp\/v2\/pages"}],"about":[{"href":"https:\/\/deepwire.com.br\/en\/wp-json\/wp\/v2\/types\/page"}],"author":[{"embeddable":true,"href":"https:\/\/deepwire.com.br\/en\/wp-json\/wp\/v2\/users\/1"}],"replies":[{"embeddable":true,"href":"https:\/\/deepwire.com.br\/en\/wp-json\/wp\/v2\/comments?post=42"}],"version-history":[{"count":5,"href":"https:\/\/deepwire.com.br\/en\/wp-json\/wp\/v2\/pages\/42\/revisions"}],"predecessor-version":[{"id":136,"href":"https:\/\/deepwire.com.br\/en\/wp-json\/wp\/v2\/pages\/42\/revisions\/136"}],"wp:attachment":[{"href":"https:\/\/deepwire.com.br\/en\/wp-json\/wp\/v2\/media?parent=42"}],"curies":[{"name":"wp","href":"https:\/\/api.w.org\/{rel}","templated":true}]}}